{"id":6,"date":"2011-06-20T20:35:52","date_gmt":"2011-06-20T20:35:52","guid":{"rendered":"http:\/\/www.e-jim.be\/blog\/?page_id=2"},"modified":"2022-03-27T20:42:49","modified_gmt":"2022-03-27T20:42:49","slug":"sample-page-2","status":"publish","type":"page","link":"https:\/\/e-jim.be\/blog\/index.php\/sample-page-2\/","title":{"rendered":"A propos de l&rsquo;auteur"},"content":{"rendered":"<h2>Mais, qui suis-je?<\/h2>\n<p>Curieux compulsif, je d\u00e9tient un papier qui fait de moins un Licenci\u00e9 en sciences juridiques. Malgr\u00e9 cela, j&rsquo;ai d\u00e9cid\u00e9 de gagner ma cro\u00fbte en tant que technicien IT.<\/p>\n<p>La seconde fonction ayant remplac\u00e9 la premi\u00e8re en tant qu&rsquo;occupation professionnelle, l&rsquo;envie de continuer \u00e0 \u00ab\u00a0pratiquer\u00a0\u00bb le droit me chatouille.<br \/>\nJ&rsquo;ai donc d\u00e9cid\u00e9 d&rsquo;ouvrir \u00ab\u00a0<em>Codex Numericus<\/em>\u00a0\u00bb pour ne pas rouiller compl\u00e8tement, et avoir un bon alibi pour continuer ma veille informationnelle.<\/p>\n<p>Il sera essentiellement question de questions juridiques touchant aux libert\u00e9s num\u00e9riques: licences libres, libert\u00e9 d&rsquo;expression sur les supports digitaux, neutralit\u00e9 du net, etc&#8230;<\/p>\n<p>Mes \u00e9crits num\u00e9riques sont le plus souvent sign\u00e9s sous le pseudonyme de e-Jim. Et j&rsquo;aime ce (tr\u00e8s tr\u00e8s relatif) anonymat, parce que je suis un grand timide.<\/p>\n","protected":false},"excerpt":{"rendered":"<p>Mais, qui suis-je? Curieux compulsif, je d\u00e9tient un papier qui fait de moins un Licenci\u00e9 en sciences juridiques. Malgr\u00e9 cela, j&rsquo;ai d\u00e9cid\u00e9 de gagner ma cro\u00fbte en tant que technicien IT. La seconde fonction ayant remplac\u00e9 la premi\u00e8re en tant qu&rsquo;occupation professionnelle, l&rsquo;envie de continuer \u00e0 \u00ab\u00a0pratiquer\u00a0\u00bb le droit me chatouille. J&rsquo;ai donc d\u00e9cid\u00e9 d&rsquo;ouvrir [&hellip;]<\/p>\n","protected":false},"author":1,"featured_media":0,"parent":0,"menu_order":0,"comment_status":"closed","ping_status":"open","template":"","meta":{"footnotes":""},"class_list":["post-6","page","type-page","status-publish","hentry"],"_links":{"self":[{"href":"https:\/\/e-jim.be\/blog\/index.php\/wp-json\/wp\/v2\/pages\/6"}],"collection":[{"href":"https:\/\/e-jim.be\/blog\/index.php\/wp-json\/wp\/v2\/pages"}],"about":[{"href":"https:\/\/e-jim.be\/blog\/index.php\/wp-json\/wp\/v2\/types\/page"}],"author":[{"embeddable":true,"href":"https:\/\/e-jim.be\/blog\/index.php\/wp-json\/wp\/v2\/users\/1"}],"replies":[{"embeddable":true,"href":"https:\/\/e-jim.be\/blog\/index.php\/wp-json\/wp\/v2\/comments?post=6"}],"version-history":[{"count":1,"href":"https:\/\/e-jim.be\/blog\/index.php\/wp-json\/wp\/v2\/pages\/6\/revisions"}],"predecessor-version":[{"id":237,"href":"https:\/\/e-jim.be\/blog\/index.php\/wp-json\/wp\/v2\/pages\/6\/revisions\/237"}],"wp:attachment":[{"href":"https:\/\/e-jim.be\/blog\/index.php\/wp-json\/wp\/v2\/media?parent=6"}],"curies":[{"name":"wp","href":"https:\/\/api.w.org\/{rel}","templated":true}]}}